{"id":442,"date":"2019-11-19T16:24:09","date_gmt":"2019-11-19T15:24:09","guid":{"rendered":"http:\/\/zuercherconsulting.cyon.site\/audio\/?page_id=442"},"modified":"2023-03-02T12:21:10","modified_gmt":"2023-03-02T11:21:10","slug":"zubehoer","status":"publish","type":"page","link":"https:\/\/zuercher-consulting.ch\/audio\/sortiment\/zubehoer\/","title":{"rendered":"Zubeh\u00f6r"},"content":{"rendered":"<p>Wir bieten Ihnen die professionelle Audio- und Videotechnik in hoher Qualit\u00e4t!<br \/>\nRufen Sie uns an und \u00fcberzeugen Sie sich von unseren umfassenden Dienstleistungen.<br \/>\nWir freuen uns.<\/p>\n<h5><span style=\"color: var(--color-first); font-size: 1.5em; letter-spacing: 0.05rem;\">Kabel<\/span><\/h5>\n<table style=\"border-collapse: collapse; width: 100%;\">\n<tbody>\n<tr>\n<td style=\"width: 50%; vertical-align: middle;\"><a href=\"http:\/\/www.dynavox.ch\/audioquest.php\" target=\"_blank\" rel=\"noopener noreferrer\"><img loading=\"lazy\" decoding=\"async\" class=\"alignnone wp-image-645 size-medium\" src=\"http:\/\/zuercherconsulting.cyon.site\/audio\/wp-content\/uploads\/sites\/2\/2019\/11\/audioquestlogoNeu-300x168.jpg\" alt=\"\" width=\"300\" height=\"168\" srcset=\"https:\/\/zuercher-consulting.ch\/audio\/wp-content\/uploads\/sites\/2\/2019\/11\/audioquestlogoNeu-300x168.jpg 300w, https:\/\/zuercher-consulting.ch\/audio\/wp-content\/uploads\/sites\/2\/2019\/11\/audioquestlogoNeu-230x129.jpg 230w, https:\/\/zuercher-consulting.ch\/audio\/wp-content\/uploads\/sites\/2\/2019\/11\/audioquestlogoNeu-120x67.jpg 120w, https:\/\/zuercher-consulting.ch\/audio\/wp-content\/uploads\/sites\/2\/2019\/11\/audioquestlogoNeu.jpg 360w\" sizes=\"auto, (max-width: 300px) 100vw, 300px\" \/><\/a><\/td>\n<td style=\"width: 50%; vertical-align: middle;\">\n<p style=\"text-align: left;\"><a href=\"http:\/\/www.dynavox.ch\/audioquest.php\" target=\"_blank\" rel=\"noopener noreferrer\">Link<\/a><\/p>\n<\/td>\n<\/tr>\n<\/tbody>\n<\/table>\n<h5>Entkopplungs-Unters\u00e4tze<\/h5>\n<table style=\"border-collapse: collapse; width: 100%;\">\n<tbody>\n<tr>\n<td style=\"width: 50%; vertical-align: middle;\"><a href=\"http:\/\/www.combak.net\/feet&amp;bases\/FEET_and_BASES.html\" target=\"_blank\" rel=\"noopener noreferrer\"><img loading=\"lazy\" decoding=\"async\" class=\"alignnone wp-image-644 size-medium\" src=\"http:\/\/zuercherconsulting.cyon.site\/audio\/wp-content\/uploads\/sites\/2\/2019\/11\/Harmonix_Neu-300x168.jpg\" alt=\"\" width=\"300\" height=\"168\" srcset=\"https:\/\/zuercher-consulting.ch\/audio\/wp-content\/uploads\/sites\/2\/2019\/11\/Harmonix_Neu-300x168.jpg 300w, https:\/\/zuercher-consulting.ch\/audio\/wp-content\/uploads\/sites\/2\/2019\/11\/Harmonix_Neu-230x129.jpg 230w, https:\/\/zuercher-consulting.ch\/audio\/wp-content\/uploads\/sites\/2\/2019\/11\/Harmonix_Neu-120x67.jpg 120w, https:\/\/zuercher-consulting.ch\/audio\/wp-content\/uploads\/sites\/2\/2019\/11\/Harmonix_Neu.jpg 360w\" sizes=\"auto, (max-width: 300px) 100vw, 300px\" \/><\/a><\/td>\n<td style=\"width: 50%; vertical-align: middle;\">\n<p style=\"text-align: left;\"><a href=\"http:\/\/www.combak.net\/feet&amp;bases\/FEET_and_BASES.html\" target=\"_blank\" rel=\"noopener noreferrer\">Link<\/a><\/p>\n<\/td>\n<\/tr>\n<\/tbody>\n<\/table>\n<p>&nbsp;<\/p>\n","protected":false},"excerpt":{"rendered":"Wir bieten Ihnen die professionelle Audio- und Videotechnik in hoher Qualit\u00e4t! Rufen Sie uns an und \u00fcberzeugen Sie sich von unseren umfassenden Dienstleistungen. Wir freuen uns. Kabel Link Entkopplungs-Unters\u00e4tze Link &nbsp;","protected":false},"author":1,"featured_media":355,"parent":342,"menu_order":11,"comment_status":"closed","ping_status":"closed","template":"","meta":{"_acf_changed":false,"footnotes":""},"class_list":["post-442","page","type-page","status-publish","has-post-thumbnail","hentry"],"acf":[],"_links":{"self":[{"href":"https:\/\/zuercher-consulting.ch\/audio\/wp-json\/wp\/v2\/pages\/442","targetHints":{"allow":["GET"]}}],"collection":[{"href":"https:\/\/zuercher-consulting.ch\/audio\/wp-json\/wp\/v2\/pages"}],"about":[{"href":"https:\/\/zuercher-consulting.ch\/audio\/wp-json\/wp\/v2\/types\/page"}],"author":[{"embeddable":true,"href":"https:\/\/zuercher-consulting.ch\/audio\/wp-json\/wp\/v2\/users\/1"}],"replies":[{"embeddable":true,"href":"https:\/\/zuercher-consulting.ch\/audio\/wp-json\/wp\/v2\/comments?post=442"}],"version-history":[{"count":9,"href":"https:\/\/zuercher-consulting.ch\/audio\/wp-json\/wp\/v2\/pages\/442\/revisions"}],"predecessor-version":[{"id":1869,"href":"https:\/\/zuercher-consulting.ch\/audio\/wp-json\/wp\/v2\/pages\/442\/revisions\/1869"}],"up":[{"embeddable":true,"href":"https:\/\/zuercher-consulting.ch\/audio\/wp-json\/wp\/v2\/pages\/342"}],"wp:featuredmedia":[{"embeddable":true,"href":"https:\/\/zuercher-consulting.ch\/audio\/wp-json\/wp\/v2\/media\/355"}],"wp:attachment":[{"href":"https:\/\/zuercher-consulting.ch\/audio\/wp-json\/wp\/v2\/media?parent=442"}],"curies":[{"name":"wp","href":"https:\/\/api.w.org\/{rel}","templated":true}]}}