{"id":407,"date":"2019-11-19T16:01:00","date_gmt":"2019-11-19T15:01:59","guid":{"rendered":"http:\/\/zuercherconsulting.cyon.site\/audio\/?page_id=407"},"modified":"2023-03-02T12:17:49","modified_gmt":"2023-03-02T11:17:49","slug":"schallplattenservice","status":"publish","type":"page","link":"https:\/\/zuercher-consulting.ch\/audio\/sortiment\/schallplattenservice\/","title":{"rendered":"Schallplattenservice"},"content":{"rendered":"<p>Wir bieten Ihnen die einmalige Gelegenheit, Ihre Lieblings-Schallplatten mit einer der besten Reinigungsmaschinen, die es heute auf dem Markt zu kaufen gibt, bei uns zu reinigen.<\/p>\n<h5>Clearaudio DOUBLE MATRIX PROFESSIONAL SONIC<\/h5>\n<p><a href=\"https:\/\/clearaudio.de\/de\/products\/cleaning-double_matrix_professional_sonic.php\" target=\"_blank\" rel=\"noopener\"><img loading=\"lazy\" decoding=\"async\" class=\"alignnone wp-image-1091\" src=\"http:\/\/zuercherconsulting.cyon.site\/audio\/wp-content\/uploads\/sites\/2\/2019\/12\/Clearaudio-DOUBLE-MATRIX-PROFESSIONAL-SONIC-300x134.jpg\" alt=\"\" width=\"363\" height=\"162\" srcset=\"https:\/\/zuercher-consulting.ch\/audio\/wp-content\/uploads\/sites\/2\/2019\/12\/Clearaudio-DOUBLE-MATRIX-PROFESSIONAL-SONIC-300x134.jpg 300w, https:\/\/zuercher-consulting.ch\/audio\/wp-content\/uploads\/sites\/2\/2019\/12\/Clearaudio-DOUBLE-MATRIX-PROFESSIONAL-SONIC-1024x457.jpg 1024w, https:\/\/zuercher-consulting.ch\/audio\/wp-content\/uploads\/sites\/2\/2019\/12\/Clearaudio-DOUBLE-MATRIX-PROFESSIONAL-SONIC-768x343.jpg 768w, https:\/\/zuercher-consulting.ch\/audio\/wp-content\/uploads\/sites\/2\/2019\/12\/Clearaudio-DOUBLE-MATRIX-PROFESSIONAL-SONIC-896x400.jpg 896w, https:\/\/zuercher-consulting.ch\/audio\/wp-content\/uploads\/sites\/2\/2019\/12\/Clearaudio-DOUBLE-MATRIX-PROFESSIONAL-SONIC-230x103.jpg 230w, https:\/\/zuercher-consulting.ch\/audio\/wp-content\/uploads\/sites\/2\/2019\/12\/Clearaudio-DOUBLE-MATRIX-PROFESSIONAL-SONIC-120x54.jpg 120w, https:\/\/zuercher-consulting.ch\/audio\/wp-content\/uploads\/sites\/2\/2019\/12\/Clearaudio-DOUBLE-MATRIX-PROFESSIONAL-SONIC.jpg 1400w\" sizes=\"auto, (max-width: 363px) 100vw, 363px\" \/><\/a><\/p>\n<p>Alle neugewaschenen Schallplatten werden in einer neuen antistatischen Schutzh\u00fclle verpackt. Die Au\u00dfenh\u00fclle wird durch eine neue transparente H\u00fclle ersetzt.<\/p>\n<hr \/>\n<h5>Details:<\/h5>\n<p><strong>Innenh\u00fclle:<\/strong> Aus Papier mit beidseitigem Mittelloch und Kunststofff\u00fctterung. Der Kunststoff hat eine antistatische Wirkung.<\/p>\n<p><strong>Farbe:<\/strong> wei\u00df<\/p>\n<p><strong>Gr\u00f6\u00dfe:<\/strong> ca. Breite 305 mm; Tiefe 309 mm<\/p>\n<p><strong>St\u00e4rke:<\/strong> 60 g\/m\u00b2<\/p>\n<p><strong>Material:<\/strong> Polyethylen und Papier<\/p>\n<p><strong>Aussenh\u00fclle:<\/strong> Farbe transparent<\/p>\n<p><strong>Gr\u00f6\u00dfe:<\/strong> ca. 325 mm x 325 mm<\/p>\n<p><strong>St\u00e4rke:<\/strong> ca. 0,15 mm<\/p>\n<p><strong>Material:<\/strong> Polyethylen Kunststoff<\/p>\n<h5>Preise:<\/h5>\n<p>Eine Seite LP\/Singles\/Maxi: CHF <strong>2.90.\u2013<\/strong><\/p>\n<p>Eine doppelte LP\/Singles\/Maxi: CHF <strong>4.90.\u2013<\/strong><\/p>\n","protected":false},"excerpt":{"rendered":"Wir bieten Ihnen die einmalige Gelegenheit, Ihre Lieblings-Schallplatten mit einer der besten Reinigungsmaschinen, die es heute auf dem Markt zu kaufen gibt, bei uns zu reinigen. Clearaudio DOUBLE MATRIX PROFESSIONAL SONIC Alle neugewaschenen Schallplatten werden in einer neuen antistatischen Schutzh\u00fclle verpackt. Die Au\u00dfenh\u00fclle wird durch eine neue transparente H\u00fclle ersetzt. Details: Innenh\u00fclle: Aus Papier mit beidseitigem Mittelloch und Kunststofff\u00fctterung. Der Kunststoff hat eine antistatische Wirkung. Farbe: wei\u00df Gr\u00f6\u00dfe: ca. Breite 305 mm; Tiefe 309 mm St\u00e4rke: 60 g\/m\u00b2 Material: Polyethylen und Papier Aussenh\u00fclle: Farbe transparent Gr\u00f6\u00dfe: ca. 325 mm x 325 mm St\u00e4rke: ca. 0,15 mm Material: Polyethylen Kunststoff Preise:&#8230;","protected":false},"author":1,"featured_media":0,"parent":342,"menu_order":6,"comment_status":"closed","ping_status":"closed","template":"","meta":{"_acf_changed":false,"footnotes":""},"class_list":["post-407","page","type-page","status-publish","hentry"],"acf":[],"_links":{"self":[{"href":"https:\/\/zuercher-consulting.ch\/audio\/wp-json\/wp\/v2\/pages\/407","targetHints":{"allow":["GET"]}}],"collection":[{"href":"https:\/\/zuercher-consulting.ch\/audio\/wp-json\/wp\/v2\/pages"}],"about":[{"href":"https:\/\/zuercher-consulting.ch\/audio\/wp-json\/wp\/v2\/types\/page"}],"author":[{"embeddable":true,"href":"https:\/\/zuercher-consulting.ch\/audio\/wp-json\/wp\/v2\/users\/1"}],"replies":[{"embeddable":true,"href":"https:\/\/zuercher-consulting.ch\/audio\/wp-json\/wp\/v2\/comments?post=407"}],"version-history":[{"count":10,"href":"https:\/\/zuercher-consulting.ch\/audio\/wp-json\/wp\/v2\/pages\/407\/revisions"}],"predecessor-version":[{"id":1865,"href":"https:\/\/zuercher-consulting.ch\/audio\/wp-json\/wp\/v2\/pages\/407\/revisions\/1865"}],"up":[{"embeddable":true,"href":"https:\/\/zuercher-consulting.ch\/audio\/wp-json\/wp\/v2\/pages\/342"}],"wp:attachment":[{"href":"https:\/\/zuercher-consulting.ch\/audio\/wp-json\/wp\/v2\/media?parent=407"}],"curies":[{"name":"wp","href":"https:\/\/api.w.org\/{rel}","templated":true}]}}