{"id":1217,"date":"2020-02-09T21:32:48","date_gmt":"2020-02-09T20:32:48","guid":{"rendered":"https:\/\/zuercher-consulting.ch\/audio\/roonserver\/"},"modified":"2024-01-24T15:54:28","modified_gmt":"2024-01-24T14:54:28","slug":"roonserver","status":"publish","type":"page","link":"https:\/\/zuercher-consulting.ch\/audio\/sortiment\/roonserver\/","title":{"rendered":"Roon Server"},"content":{"rendered":"<h1 class=\"seitentitel\">ROON Software mit oder ohne Hardware<\/h1>\n<p><a href=\"https:\/\/roon.app\/de\/nucleus\" target=\"_blank\" rel=\"noopener\"><img loading=\"lazy\" decoding=\"async\" class=\"aligncenter wp-image-1904 size-full\" src=\"https:\/\/zuercher-consulting.ch\/audio\/wp-content\/uploads\/sites\/2\/2024\/01\/roon-nucleus-2nd-34524-L.jpg\" alt=\"\" width=\"1000\" height=\"542\" srcset=\"https:\/\/zuercher-consulting.ch\/audio\/wp-content\/uploads\/sites\/2\/2024\/01\/roon-nucleus-2nd-34524-L.jpg 1000w, https:\/\/zuercher-consulting.ch\/audio\/wp-content\/uploads\/sites\/2\/2024\/01\/roon-nucleus-2nd-34524-L-300x163.jpg 300w, https:\/\/zuercher-consulting.ch\/audio\/wp-content\/uploads\/sites\/2\/2024\/01\/roon-nucleus-2nd-34524-L-768x416.jpg 768w, https:\/\/zuercher-consulting.ch\/audio\/wp-content\/uploads\/sites\/2\/2024\/01\/roon-nucleus-2nd-34524-L-738x400.jpg 738w, https:\/\/zuercher-consulting.ch\/audio\/wp-content\/uploads\/sites\/2\/2024\/01\/roon-nucleus-2nd-34524-L-230x125.jpg 230w, https:\/\/zuercher-consulting.ch\/audio\/wp-content\/uploads\/sites\/2\/2024\/01\/roon-nucleus-2nd-34524-L-120x65.jpg 120w\" sizes=\"auto, (max-width: 1000px) 100vw, 1000px\" \/><\/a><\/p>\n<p>Roon ist eine Software f\u00fcr die Verwaltung und Wiedergabe von s\u00e4mtlichen Audiodateien in Ihrem Heimnetzwerk. Kein anderer Hersteller visualisiert Ihre Musikbibliothek in einer solch ansprechenden und \u00fcbersichtlichen Art wie Roon. Die Roon Software ist aber nicht nur eine Verwaltung von Musikdateien, sondern auch eine Raumkorrektur-Software mit DSP. Nun k\u00f6nnen Sie mit jeder bestehenden oder neuen HiFi- oder Heimkino-Anlage markenunabh\u00e4ngig die Akustik des H\u00f6rraumes korrigieren.<\/p>\n<p>Roon hat einen eigenen Audioserver ver\u00f6ffentlicht, den Nucleus (Bild von hinten). Kein anderer Server auf dem Markt bietet Ihnen eine solch hohe Klangqualit\u00e4t, kombiniert mit einer unglaublichen Vielzahl an Einstellungsm\u00f6glichkeiten.<\/p>\n<p>Wir bieten diesen als ROCK oder Roon Optimized Core Kit an.<\/p>\n<h1 id=\"title\" class=\"a-size-large a-spacing-none\"><span id=\"productTitle\" class=\"a-size-large product-title-word-break\">Intel NUC 11 Pro UCFF Black i3-1115G4<\/span><img loading=\"lazy\" decoding=\"async\" class=\"alignnone wp-image-1909 size-full\" src=\"https:\/\/zuercher-consulting.ch\/audio\/wp-content\/uploads\/sites\/2\/2024\/01\/Intel-NUC.jpg\" alt=\"\" width=\"480\" height=\"205\" srcset=\"https:\/\/zuercher-consulting.ch\/audio\/wp-content\/uploads\/sites\/2\/2024\/01\/Intel-NUC.jpg 480w, https:\/\/zuercher-consulting.ch\/audio\/wp-content\/uploads\/sites\/2\/2024\/01\/Intel-NUC-300x128.jpg 300w, https:\/\/zuercher-consulting.ch\/audio\/wp-content\/uploads\/sites\/2\/2024\/01\/Intel-NUC-230x98.jpg 230w, https:\/\/zuercher-consulting.ch\/audio\/wp-content\/uploads\/sites\/2\/2024\/01\/Intel-NUC-120x51.jpg 120w\" sizes=\"auto, (max-width: 480px) 100vw, 480px\" \/><\/h1>\n<p>Link zu <a href=\"https:\/\/roonlabs.com\/index\" target=\"_blank\" rel=\"noopener noreferrer\">Roon<\/a><\/p>\n<p>Kontaktieren Sie uns, wir beraten Sie gerne<\/p>\n<p><a href=\"https:\/\/zuercher-consulting.ch\/audio\/kontakt\/\" target=\"_blank\" rel=\"noopener noreferrer\">Kontakt<\/a><\/p>\n","protected":false},"excerpt":{"rendered":"ROON Software mit oder ohne Hardware Roon ist eine Software f\u00fcr die Verwaltung und Wiedergabe von s\u00e4mtlichen Audiodateien in Ihrem Heimnetzwerk. Kein anderer Hersteller visualisiert Ihre Musikbibliothek in einer solch ansprechenden und \u00fcbersichtlichen Art wie Roon. Die Roon Software ist aber nicht nur eine Verwaltung von Musikdateien, sondern auch eine Raumkorrektur-Software mit DSP. Nun k\u00f6nnen Sie mit jeder bestehenden oder neuen HiFi- oder Heimkino-Anlage markenunabh\u00e4ngig die Akustik des H\u00f6rraumes korrigieren. Roon hat einen eigenen Audioserver ver\u00f6ffentlicht, den Nucleus (Bild von hinten). Kein anderer Server auf dem Markt bietet Ihnen eine solch hohe Klangqualit\u00e4t, kombiniert mit einer unglaublichen Vielzahl an Einstellungsm\u00f6glichkeiten&#8230;.","protected":false},"author":4,"featured_media":0,"parent":342,"menu_order":5,"comment_status":"closed","ping_status":"closed","template":"","meta":{"_acf_changed":false,"footnotes":""},"class_list":["post-1217","page","type-page","status-publish","hentry"],"acf":[],"_links":{"self":[{"href":"https:\/\/zuercher-consulting.ch\/audio\/wp-json\/wp\/v2\/pages\/1217","targetHints":{"allow":["GET"]}}],"collection":[{"href":"https:\/\/zuercher-consulting.ch\/audio\/wp-json\/wp\/v2\/pages"}],"about":[{"href":"https:\/\/zuercher-consulting.ch\/audio\/wp-json\/wp\/v2\/types\/page"}],"author":[{"embeddable":true,"href":"https:\/\/zuercher-consulting.ch\/audio\/wp-json\/wp\/v2\/users\/4"}],"replies":[{"embeddable":true,"href":"https:\/\/zuercher-consulting.ch\/audio\/wp-json\/wp\/v2\/comments?post=1217"}],"version-history":[{"count":12,"href":"https:\/\/zuercher-consulting.ch\/audio\/wp-json\/wp\/v2\/pages\/1217\/revisions"}],"predecessor-version":[{"id":1911,"href":"https:\/\/zuercher-consulting.ch\/audio\/wp-json\/wp\/v2\/pages\/1217\/revisions\/1911"}],"up":[{"embeddable":true,"href":"https:\/\/zuercher-consulting.ch\/audio\/wp-json\/wp\/v2\/pages\/342"}],"wp:attachment":[{"href":"https:\/\/zuercher-consulting.ch\/audio\/wp-json\/wp\/v2\/media?parent=1217"}],"curies":[{"name":"wp","href":"https:\/\/api.w.org\/{rel}","templated":true}]}}